{"id":15,"date":"2025-06-23T20:29:25","date_gmt":"2025-06-23T20:29:25","guid":{"rendered":"https:\/\/ligacris.wp.stdev.ro\/cart\/"},"modified":"2025-06-28T03:37:01","modified_gmt":"2025-06-28T03:37:01","slug":"cos","status":"publish","type":"page","link":"https:\/\/ligacris.wp.stdev.ro\/en\/cos\/","title":{"rendered":"Co\u0219"},"content":{"rendered":"<div data-elementor-type=\"wp-page\" data-elementor-id=\"15\" class=\"elementor elementor-15\" data-elementor-post-type=\"page\">\n\t\t\t\t\t\t<section class=\"elementor-section elementor-top-section elementor-element elementor-element-20afe3fa elementor-section-boxed elementor-section-height-default elementor-section-height-default\" data-id=\"20afe3fa\" data-element_type=\"section\" data-settings=\"{&quot;background_background&quot;:&quot;gradient&quot;,&quot;shape_divider_bottom&quot;:&quot;curve&quot;,&quot;shape_divider_bottom_negative&quot;:&quot;yes&quot;}\">\n\t\t\t\t\t\t\t<div class=\"elementor-background-overlay\"><\/div>\n\t\t\t\t\t\t<div class=\"elementor-shape elementor-shape-bottom\" aria-hidden=\"true\" data-negative=\"true\">\n\t\t\t<svg xmlns=\"http:\/\/www.w3.org\/2000\/svg\" viewbox=\"0 0 1000 100\" preserveaspectratio=\"none\">\n\t<path class=\"elementor-shape-fill\" d=\"M500,97C126.7,96.3,0.8,19.8,0,0v100l1000,0V1C1000,19.4,873.3,97.8,500,97z\"\/>\n<\/svg>\t\t<\/div>\n\t\t\t\t\t<div class=\"elementor-container elementor-column-gap-no\">\n\t\t\t\t\t<div class=\"elementor-column elementor-col-100 elementor-top-column elementor-element elementor-element-5d6b5cf0\" data-id=\"5d6b5cf0\" data-element_type=\"column\">\n\t\t\t<div class=\"elementor-widget-wrap elementor-element-populated\">\n\t\t\t\t\t\t\t<\/div>\n\t\t<\/div>\n\t\t\t\t\t<\/div>\n\t\t<\/section>\n\t\t\t\t<section class=\"elementor-section elementor-top-section elementor-element elementor-element-7d841d97 elementor-section-boxed elementor-section-height-default elementor-section-height-default\" data-id=\"7d841d97\" data-element_type=\"section\">\n\t\t\t\t\t\t<div class=\"elementor-container elementor-column-gap-no\">\n\t\t\t\t\t<div class=\"elementor-column elementor-col-100 elementor-top-column elementor-element elementor-element-2fb3b389\" data-id=\"2fb3b389\" data-element_type=\"column\">\n\t\t\t<div class=\"elementor-widget-wrap elementor-element-populated\">\n\t\t\t\t\t\t\t<\/div>\n\t\t<\/div>\n\t\t\t\t\t<\/div>\n\t\t<\/section>\n\t\t\t\t<\/div>","protected":false},"excerpt":{"rendered":"<p>\u00cenl\u0103tur\u0103 produsul Imagine miniatur\u0103 Produs Pre\u021b Cantitate Sub-total &times; Produs 10 20,00&nbsp;lei Cantitate Produs 10 40,00&nbsp;lei Actualizare co\u0219 Total co\u0219 Sub-total 40,00&nbsp;lei Livrare Free shipping Livrare la Ilfov. Modific\u0103 adresa \u021aar\u0103\/regiune Selecteaz\u0103 o \u021bar\u0103\/regiune&#8230;AfganistanAfrica de SudAlbaniaAlgeriaAndorraAngolaAnguillaAntarcticaAntigua \u0219i BarbudaArabia Saudit\u0103ArgentinaArmeniaArubaAustraliaAustriaAzerbaidjanBahamasBahrainBangladeshBarbadosBelarusBelauBelgiaBelizeBeninBermudaBhutanBoliviaBonaire, Saint Eustatius \u0219i SabaBosnia \u0219i Her\u021begovinaBotswanaBraziliaBruneiBulgariaBurkina FasoBurundiCabo VerdeCambodgiaCamerunCanadaCehiaChileChinaCiadCipruCoasta de Filde\u0219ColumbiaComoreComunitatea Insulelor Mariane de NordCongo (Brazzaville)Congo (Kinshasa)Coreea [&hellip;]<\/p>","protected":false},"author":1,"featured_media":0,"parent":0,"menu_order":0,"comment_status":"closed","ping_status":"closed","template":"elementor_header_footer","meta":{"inline_featured_image":false,"footnotes":""},"class_list":["post-15","page","type-page","status-publish","hentry"],"_links":{"self":[{"href":"https:\/\/ligacris.wp.stdev.ro\/en\/wp-json\/wp\/v2\/pages\/15","targetHints":{"allow":["GET"]}}],"collection":[{"href":"https:\/\/ligacris.wp.stdev.ro\/en\/wp-json\/wp\/v2\/pages"}],"about":[{"href":"https:\/\/ligacris.wp.stdev.ro\/en\/wp-json\/wp\/v2\/types\/page"}],"author":[{"embeddable":true,"href":"https:\/\/ligacris.wp.stdev.ro\/en\/wp-json\/wp\/v2\/users\/1"}],"replies":[{"embeddable":true,"href":"https:\/\/ligacris.wp.stdev.ro\/en\/wp-json\/wp\/v2\/comments?post=15"}],"version-history":[{"count":14,"href":"https:\/\/ligacris.wp.stdev.ro\/en\/wp-json\/wp\/v2\/pages\/15\/revisions"}],"predecessor-version":[{"id":623,"href":"https:\/\/ligacris.wp.stdev.ro\/en\/wp-json\/wp\/v2\/pages\/15\/revisions\/623"}],"wp:attachment":[{"href":"https:\/\/ligacris.wp.stdev.ro\/en\/wp-json\/wp\/v2\/media?parent=15"}],"curies":[{"name":"wp","href":"https:\/\/api.w.org\/{rel}","templated":true}]}}